{"id":1900,"date":"2016-10-20T16:38:51","date_gmt":"2016-10-20T14:38:51","guid":{"rendered":"https:\/\/www.medizinfuchs.de\/blog\/?page_id=1900"},"modified":"2016-10-21T09:39:06","modified_gmt":"2016-10-21T07:39:06","slug":"teilnahmebedingungen-fb","status":"publish","type":"page","link":"https:\/\/www.medizinfuchs.de\/blog\/teilnahmebedingungen-fb\/","title":{"rendered":"Teilnahmebedingungen FB Gewinnspiel Oktober"},"content":{"rendered":"<ol>\n<li>Der Wettbewerb wird von der medizinfuchs GmbH, Rosenstra\u00dfe 2 in 10178 Berlin organisiert.<\/li>\n<li>Zur Teilnahme berechtigt sind alle nat\u00fcrlichen Personen mit Wohnsitz in Deutschland, die \u00fcber eine\u00a0Lieferadresse in Deutschland verf\u00fcgen. Die Teilnehmerinnen und Teilnehmer m\u00fcssen mindestens 18\u00a0Jahre alt sein.<\/li>\n<li>Die Teilnahme von Mitarbeiterinnen und Mitarbeitern sowie deren Angeh\u00f6rige ist ausgeschlossen. Ebenso sind Adress-Sammelstellen sowie Teilnehmer-Mehrheiten von der Teilnahme ausgeschlossen.<\/li>\n<li>An der Verlosung teilnehmen k\u00f6nnen Personen, die den vorgenannten Bedingungen entsprechen und welche die Facebook-Seite Medizinfuchs sowie den entsprechenden Beitrag mit \u201eGef\u00e4llt mir\u201c markieren. Au\u00dferdem soll der Lieblingstext aus dem Medizinfuchs-Blog\u00a0im Kommentar genannt\u00a0und eine Freundin oder ein Freund verlinkt werden.<\/li>\n<li>Verlost werden f\u00fcnf Wellnesspakete im Wert von 35,00 Euro. Das Paket enth\u00e4lt folgenden Inhalt:<br \/>\n1 x medizinfuchs-Badehandtuch<br \/>\n1 x gro\u00dfe medizinfuchs-Tasse<br \/>\n1 x Merz Spezial Entspannungs-Deluxe-Maske<br \/>\n1 x Merz Spezial Feuchtigkeits-Maske<br \/>\n1 x Balea Badeperlen Tiefe Entspannung<br \/>\n4 x Badeperlen<br \/>\n1 x bebe Lippenpflege<br \/>\n1 x AirWick Essential Oil Infusion<br \/>\n1 x My Time Bio-Chai-Gew\u00fcrz-Tee<br \/>\n1 x Beauty Sweeties Fruchtgummi<\/li>\n<li>Dieser Wettbewerb l\u00e4uft bis zum 28. Oktober 2016, 12:00 Uhr.<\/li>\n<li>Die Gewinnerin oder der Gewinner wird am 28. Oktober 2016 in der Medizinfuchs Facebook-Timeline publiziert und pers\u00f6nlich von uns kontaktiert.<\/li>\n<li>Jeder Teilnehmer kann nur 1 Mal teilnehmen.<\/li>\n<li>Der Gewinn verf\u00e4llt, wenn der Gewinner sich nicht binnen 14 Tagen nach Zugang der Gewinnermittlung meldet.<\/li>\n<li>Dieser Wettbewerb wird nicht von Facebook organisiert bzw. gesponsert.<\/li>\n<li>Eine Barauszahlung des Preises ist nicht m\u00f6glich.<\/li>\n<li>Die Teilnahmebedingungen unterstehen ausschlie\u00dflich deutschem Recht.<\/li>\n<li>Die Medizinfuchs GmbH beh\u00e4lt sich vor, jederzeit die Teilnahmebedingungen zu \u00e4ndern oder jederzeit das Gewinnspiel aus wichtigem Grund ohne Vorank\u00fcndigung zu beenden oder zu\u00a0unterbrechen. Dies gilt insbesondere f\u00fcr solche Gr\u00fcnde, die einen planm\u00e4\u00dfigen Ablauf des Gewinnspiels st\u00f6ren oder verhindern w\u00fcrden.<\/li>\n<li>Mit dem Kommentar des Beitrags werden die Teilnahmebedingungen automatisch akzeptiert.<\/li>\n<li>Der Rechtsweg ist ausgeschlossen.<\/li>\n<\/ol>\n","protected":false},"excerpt":{"rendered":"<p>Der Wettbewerb wird von der medizinfuchs GmbH, Rosenstra\u00dfe 2 in 10178 Berlin organisiert. Zur Teilnahme berechtigt sind alle nat\u00fcrlichen Personen mit Wohnsitz in Deutschland, die \u00fcber eine\u00a0Lieferadresse in Deutschland verf\u00fcgen. Die Teilnehmerinnen und Teilnehmer m\u00fcssen mindestens 18\u00a0Jahre alt sein. Die Teilnahme von Mitarbeiterinnen und Mitarbeitern sowie deren Angeh\u00f6rige ist ausgeschlossen. Ebenso sind Adress-Sammelstellen sowie Teilnehmer-Mehrheiten [&hellip;]<\/p>\n","protected":false},"author":19,"featured_media":0,"parent":0,"menu_order":0,"comment_status":"closed","ping_status":"closed","template":"","meta":{"footnotes":""},"class_list":["post-1900","page","type-page","status-publish","hentry"],"yoast_head":"<!-- This site is optimized with the Yoast SEO plugin v27.4 - https:\/\/yoast.com\/product\/yoast-seo-wordpress\/ -->\n<title>Teilnahmebedingungen FB Gewinnspiel Oktober - medizinfuchs Blog<\/title>\n<meta name=\"robots\" content=\"noindex, nofollow\" \/>\n<meta property=\"og:locale\" content=\"de_DE\" \/>\n<meta property=\"og:type\" content=\"article\" \/>\n<meta property=\"og:title\" content=\"Teilnahmebedingungen FB Gewinnspiel Oktober - medizinfuchs Blog\" \/>\n<meta property=\"og:description\" content=\"Der Wettbewerb wird von der medizinfuchs GmbH, Rosenstra\u00dfe 2 in 10178 Berlin organisiert. Zur Teilnahme berechtigt sind alle nat\u00fcrlichen Personen mit Wohnsitz in Deutschland, die \u00fcber eine\u00a0Lieferadresse in Deutschland verf\u00fcgen. Die Teilnehmerinnen und Teilnehmer m\u00fcssen mindestens 18\u00a0Jahre alt sein. Die Teilnahme von Mitarbeiterinnen und Mitarbeitern sowie deren Angeh\u00f6rige ist ausgeschlossen. Ebenso sind Adress-Sammelstellen sowie Teilnehmer-Mehrheiten [&hellip;]\" \/>\n<meta property=\"og:url\" content=\"https:\/\/www.medizinfuchs.de\/blog\/teilnahmebedingungen-fb\/\" \/>\n<meta property=\"og:site_name\" content=\"medizinfuchs Blog\" \/>\n<meta property=\"article:publisher\" content=\"https:\/\/www.facebook.com\/medizinfuchs\" \/>\n<meta property=\"article:modified_time\" content=\"2016-10-21T07:39:06+00:00\" \/>\n<meta property=\"og:image\" content=\"https:\/\/www.medizinfuchs.de\/blog\/wp-content\/uploads\/2016\/05\/medizinfuchs_logo_blog_kl.png\" \/>\n\t<meta property=\"og:image:width\" content=\"300\" \/>\n\t<meta property=\"og:image:height\" content=\"112\" \/>\n\t<meta property=\"og:image:type\" content=\"image\/png\" \/>\n<meta name=\"twitter:card\" content=\"summary_large_image\" \/>\n<meta name=\"twitter:site\" content=\"@medizinfuchs\" \/>\n<meta name=\"twitter:label1\" content=\"Gesch\u00e4tzte Lesezeit\" \/>\n\t<meta name=\"twitter:data1\" content=\"1\u00a0Minute\" \/>\n<script type=\"application\/ld+json\" class=\"yoast-schema-graph\">{\"@context\":\"https:\\\/\\\/schema.org\",\"@graph\":[{\"@type\":\"WebPage\",\"@id\":\"https:\\\/\\\/www.medizinfuchs.de\\\/blog\\\/teilnahmebedingungen-fb\\\/\",\"url\":\"https:\\\/\\\/www.medizinfuchs.de\\\/blog\\\/teilnahmebedingungen-fb\\\/\",\"name\":\"Teilnahmebedingungen FB Gewinnspiel Oktober - medizinfuchs Blog\",\"isPartOf\":{\"@id\":\"https:\\\/\\\/www.medizinfuchs.de\\\/blog\\\/#website\"},\"datePublished\":\"2016-10-20T14:38:51+00:00\",\"dateModified\":\"2016-10-21T07:39:06+00:00\",\"breadcrumb\":{\"@id\":\"https:\\\/\\\/www.medizinfuchs.de\\\/blog\\\/teilnahmebedingungen-fb\\\/#breadcrumb\"},\"inLanguage\":\"de\",\"potentialAction\":[{\"@type\":\"ReadAction\",\"target\":[\"https:\\\/\\\/www.medizinfuchs.de\\\/blog\\\/teilnahmebedingungen-fb\\\/\"]}]},{\"@type\":\"BreadcrumbList\",\"@id\":\"https:\\\/\\\/www.medizinfuchs.de\\\/blog\\\/teilnahmebedingungen-fb\\\/#breadcrumb\",\"itemListElement\":[{\"@type\":\"ListItem\",\"position\":1,\"name\":\"Startseite\",\"item\":\"https:\\\/\\\/www.medizinfuchs.de\\\/blog\\\/\"},{\"@type\":\"ListItem\",\"position\":2,\"name\":\"Teilnahmebedingungen FB Gewinnspiel Oktober\"}]},{\"@type\":\"WebSite\",\"@id\":\"https:\\\/\\\/www.medizinfuchs.de\\\/blog\\\/#website\",\"url\":\"https:\\\/\\\/www.medizinfuchs.de\\\/blog\\\/\",\"name\":\"medizinfuchs Blog\",\"description\":\"Das Blog von medizinfuchs\",\"publisher\":{\"@id\":\"https:\\\/\\\/www.medizinfuchs.de\\\/blog\\\/#organization\"},\"potentialAction\":[{\"@type\":\"SearchAction\",\"target\":{\"@type\":\"EntryPoint\",\"urlTemplate\":\"https:\\\/\\\/www.medizinfuchs.de\\\/blog\\\/?s={search_term_string}\"},\"query-input\":{\"@type\":\"PropertyValueSpecification\",\"valueRequired\":true,\"valueName\":\"search_term_string\"}}],\"inLanguage\":\"de\"},{\"@type\":\"Organization\",\"@id\":\"https:\\\/\\\/www.medizinfuchs.de\\\/blog\\\/#organization\",\"name\":\"Medizinfuchs\",\"url\":\"https:\\\/\\\/www.medizinfuchs.de\\\/blog\\\/\",\"logo\":{\"@type\":\"ImageObject\",\"inLanguage\":\"de\",\"@id\":\"https:\\\/\\\/www.medizinfuchs.de\\\/blog\\\/#\\\/schema\\\/logo\\\/image\\\/\",\"url\":\"https:\\\/\\\/www.medizinfuchs.de\\\/blog\\\/wp-content\\\/uploads\\\/2016\\\/05\\\/medizinfuchs_logo_blog_kl.png\",\"contentUrl\":\"https:\\\/\\\/www.medizinfuchs.de\\\/blog\\\/wp-content\\\/uploads\\\/2016\\\/05\\\/medizinfuchs_logo_blog_kl.png\",\"width\":300,\"height\":112,\"caption\":\"Medizinfuchs\"},\"image\":{\"@id\":\"https:\\\/\\\/www.medizinfuchs.de\\\/blog\\\/#\\\/schema\\\/logo\\\/image\\\/\"},\"sameAs\":[\"https:\\\/\\\/www.facebook.com\\\/medizinfuchs\",\"https:\\\/\\\/x.com\\\/medizinfuchs\",\"https:\\\/\\\/www.instagram.com\\\/medizinfuchs.de\\\/\",\"https:\\\/\\\/www.linkedin.com\\\/company\\\/10128774\",\"https:\\\/\\\/de.pinterest.com\\\/medizinfuchs\\\/\",\"https:\\\/\\\/www.youtube.com\\\/c\\\/medizinfuchs\"]}]}<\/script>\n<!-- \/ Yoast SEO plugin. -->","yoast_head_json":{"title":"Teilnahmebedingungen FB Gewinnspiel Oktober - medizinfuchs Blog","robots":{"index":"noindex","follow":"nofollow"},"og_locale":"de_DE","og_type":"article","og_title":"Teilnahmebedingungen FB Gewinnspiel Oktober - medizinfuchs Blog","og_description":"Der Wettbewerb wird von der medizinfuchs GmbH, Rosenstra\u00dfe 2 in 10178 Berlin organisiert. Zur Teilnahme berechtigt sind alle nat\u00fcrlichen Personen mit Wohnsitz in Deutschland, die \u00fcber eine\u00a0Lieferadresse in Deutschland verf\u00fcgen. Die Teilnehmerinnen und Teilnehmer m\u00fcssen mindestens 18\u00a0Jahre alt sein. Die Teilnahme von Mitarbeiterinnen und Mitarbeitern sowie deren Angeh\u00f6rige ist ausgeschlossen. Ebenso sind Adress-Sammelstellen sowie Teilnehmer-Mehrheiten [&hellip;]","og_url":"https:\/\/www.medizinfuchs.de\/blog\/teilnahmebedingungen-fb\/","og_site_name":"medizinfuchs Blog","article_publisher":"https:\/\/www.facebook.com\/medizinfuchs","article_modified_time":"2016-10-21T07:39:06+00:00","og_image":[{"width":300,"height":112,"url":"https:\/\/www.medizinfuchs.de\/blog\/wp-content\/uploads\/2016\/05\/medizinfuchs_logo_blog_kl.png","type":"image\/png"}],"twitter_card":"summary_large_image","twitter_site":"@medizinfuchs","twitter_misc":{"Gesch\u00e4tzte Lesezeit":"1\u00a0Minute"},"schema":{"@context":"https:\/\/schema.org","@graph":[{"@type":"WebPage","@id":"https:\/\/www.medizinfuchs.de\/blog\/teilnahmebedingungen-fb\/","url":"https:\/\/www.medizinfuchs.de\/blog\/teilnahmebedingungen-fb\/","name":"Teilnahmebedingungen FB Gewinnspiel Oktober - medizinfuchs Blog","isPartOf":{"@id":"https:\/\/www.medizinfuchs.de\/blog\/#website"},"datePublished":"2016-10-20T14:38:51+00:00","dateModified":"2016-10-21T07:39:06+00:00","breadcrumb":{"@id":"https:\/\/www.medizinfuchs.de\/blog\/teilnahmebedingungen-fb\/#breadcrumb"},"inLanguage":"de","potentialAction":[{"@type":"ReadAction","target":["https:\/\/www.medizinfuchs.de\/blog\/teilnahmebedingungen-fb\/"]}]},{"@type":"BreadcrumbList","@id":"https:\/\/www.medizinfuchs.de\/blog\/teilnahmebedingungen-fb\/#breadcrumb","itemListElement":[{"@type":"ListItem","position":1,"name":"Startseite","item":"https:\/\/www.medizinfuchs.de\/blog\/"},{"@type":"ListItem","position":2,"name":"Teilnahmebedingungen FB Gewinnspiel Oktober"}]},{"@type":"WebSite","@id":"https:\/\/www.medizinfuchs.de\/blog\/#website","url":"https:\/\/www.medizinfuchs.de\/blog\/","name":"medizinfuchs Blog","description":"Das Blog von medizinfuchs","publisher":{"@id":"https:\/\/www.medizinfuchs.de\/blog\/#organization"},"potentialAction":[{"@type":"SearchAction","target":{"@type":"EntryPoint","urlTemplate":"https:\/\/www.medizinfuchs.de\/blog\/?s={search_term_string}"},"query-input":{"@type":"PropertyValueSpecification","valueRequired":true,"valueName":"search_term_string"}}],"inLanguage":"de"},{"@type":"Organization","@id":"https:\/\/www.medizinfuchs.de\/blog\/#organization","name":"Medizinfuchs","url":"https:\/\/www.medizinfuchs.de\/blog\/","logo":{"@type":"ImageObject","inLanguage":"de","@id":"https:\/\/www.medizinfuchs.de\/blog\/#\/schema\/logo\/image\/","url":"https:\/\/www.medizinfuchs.de\/blog\/wp-content\/uploads\/2016\/05\/medizinfuchs_logo_blog_kl.png","contentUrl":"https:\/\/www.medizinfuchs.de\/blog\/wp-content\/uploads\/2016\/05\/medizinfuchs_logo_blog_kl.png","width":300,"height":112,"caption":"Medizinfuchs"},"image":{"@id":"https:\/\/www.medizinfuchs.de\/blog\/#\/schema\/logo\/image\/"},"sameAs":["https:\/\/www.facebook.com\/medizinfuchs","https:\/\/x.com\/medizinfuchs","https:\/\/www.instagram.com\/medizinfuchs.de\/","https:\/\/www.linkedin.com\/company\/10128774","https:\/\/de.pinterest.com\/medizinfuchs\/","https:\/\/www.youtube.com\/c\/medizinfuchs"]}]}},"_links":{"self":[{"href":"https:\/\/www.medizinfuchs.de\/blog\/wp-json\/wp\/v2\/pages\/1900","targetHints":{"allow":["GET"]}}],"collection":[{"href":"https:\/\/www.medizinfuchs.de\/blog\/wp-json\/wp\/v2\/pages"}],"about":[{"href":"https:\/\/www.medizinfuchs.de\/blog\/wp-json\/wp\/v2\/types\/page"}],"author":[{"embeddable":true,"href":"https:\/\/www.medizinfuchs.de\/blog\/wp-json\/wp\/v2\/users\/19"}],"replies":[{"embeddable":true,"href":"https:\/\/www.medizinfuchs.de\/blog\/wp-json\/wp\/v2\/comments?post=1900"}],"version-history":[{"count":0,"href":"https:\/\/www.medizinfuchs.de\/blog\/wp-json\/wp\/v2\/pages\/1900\/revisions"}],"wp:attachment":[{"href":"https:\/\/www.medizinfuchs.de\/blog\/wp-json\/wp\/v2\/media?parent=1900"}],"curies":[{"name":"wp","href":"https:\/\/api.w.org\/{rel}","templated":true}]}}