{"id":529,"date":"2016-05-11T17:24:18","date_gmt":"2016-05-11T15:24:18","guid":{"rendered":"https:\/\/www.medizinfuchs.de\/blog\/?page_id=529"},"modified":"2016-07-19T21:30:56","modified_gmt":"2016-07-19T19:30:56","slug":"autoren","status":"publish","type":"page","link":"https:\/\/www.medizinfuchs.de\/blog\/autoren\/","title":{"rendered":"AutorInnen auf diesem Blog"},"content":{"rendered":"<p>Die Blog-Redaktion von <a href=\"https:\/\/medizinfuchs.de\" target=\"_blank\">medizinfuchs.de<\/a>, Deutschlands bestem Preisvergleich f\u00fcr Medikamente, erstellt hier im Blog &#8211; erg\u00e4nzt um hochkar\u00e4tige AutorInnen &#8211; interessante Hintergr\u00fcnde, Wissenswertes und Unterhaltsames zu Themen wie Gesundheit, Ern\u00e4hrung, Sport, Schlaf, Beauty, Wellness und Entertainment.<\/p>\n<p>Folgende AutorInnen sind an der Texterstellung auf diesem Blog beteiligt:<\/p>\n<p>&nbsp;<\/p>\n<p>&nbsp;<\/p>\n","protected":false},"excerpt":{"rendered":"<p>Die Blog-Redaktion von medizinfuchs.de, Deutschlands bestem Preisvergleich f\u00fcr Medikamente, erstellt hier im Blog &#8211; erg\u00e4nzt um hochkar\u00e4tige AutorInnen &#8211; interessante Hintergr\u00fcnde, Wissenswertes und Unterhaltsames zu Themen wie Gesundheit, Ern\u00e4hrung, Sport, Schlaf, Beauty, Wellness und Entertainment. Folgende AutorInnen sind an der Texterstellung auf diesem Blog beteiligt: &nbsp; &nbsp;<\/p>\n","protected":false},"author":19,"featured_media":0,"parent":0,"menu_order":0,"comment_status":"closed","ping_status":"closed","template":"template-authors.php","meta":{"footnotes":""},"class_list":["post-529","page","type-page","status-publish","hentry"],"yoast_head":"<!-- This site is optimized with the Yoast SEO plugin v27.4 - https:\/\/yoast.com\/product\/yoast-seo-wordpress\/ -->\n<title>AutorInnen im Blog von medizinfuchs.de in der \u00dcbersicht<\/title>\n<meta name=\"description\" content=\"Die Blog-Redaktion von medizinfuchs.de, Deutschlands bestem Preisvergleich f\u00fcr Medikamente und Gast-AutorInnen schreiben f\u00fcr Sie rund um Gesundheit.\" \/>\n<meta name=\"robots\" content=\"index, follow, max-snippet:-1, max-image-preview:large, max-video-preview:-1\" \/>\n<link rel=\"canonical\" href=\"https:\/\/www.medizinfuchs.de\/blog\/autoren\/\" \/>\n<meta property=\"og:locale\" content=\"de_DE\" \/>\n<meta property=\"og:type\" content=\"article\" \/>\n<meta property=\"og:title\" content=\"AutorInnen im Blog von medizinfuchs.de in der \u00dcbersicht\" \/>\n<meta property=\"og:description\" content=\"Die Blog-Redaktion von medizinfuchs.de, Deutschlands bestem Preisvergleich f\u00fcr Medikamente und Gast-AutorInnen schreiben f\u00fcr Sie rund um Gesundheit.\" \/>\n<meta property=\"og:url\" content=\"https:\/\/www.medizinfuchs.de\/blog\/autoren\/\" \/>\n<meta property=\"og:site_name\" content=\"medizinfuchs Blog\" \/>\n<meta property=\"article:publisher\" content=\"https:\/\/www.facebook.com\/medizinfuchs\" \/>\n<meta property=\"article:modified_time\" content=\"2016-07-19T19:30:56+00:00\" \/>\n<meta property=\"og:image\" content=\"https:\/\/www.medizinfuchs.de\/blog\/wp-content\/uploads\/2016\/05\/medizinfuchs_logo_blog_kl.png\" \/>\n\t<meta property=\"og:image:width\" content=\"300\" \/>\n\t<meta property=\"og:image:height\" content=\"112\" \/>\n\t<meta property=\"og:image:type\" content=\"image\/png\" \/>\n<meta name=\"twitter:card\" content=\"summary_large_image\" \/>\n<meta name=\"twitter:site\" content=\"@medizinfuchs\" \/>\n<script type=\"application\/ld+json\" class=\"yoast-schema-graph\">{\"@context\":\"https:\\\/\\\/schema.org\",\"@graph\":[{\"@type\":\"WebPage\",\"@id\":\"https:\\\/\\\/www.medizinfuchs.de\\\/blog\\\/autoren\\\/\",\"url\":\"https:\\\/\\\/www.medizinfuchs.de\\\/blog\\\/autoren\\\/\",\"name\":\"AutorInnen im Blog von medizinfuchs.de in der \u00dcbersicht\",\"isPartOf\":{\"@id\":\"https:\\\/\\\/www.medizinfuchs.de\\\/blog\\\/#website\"},\"datePublished\":\"2016-05-11T15:24:18+00:00\",\"dateModified\":\"2016-07-19T19:30:56+00:00\",\"description\":\"Die Blog-Redaktion von medizinfuchs.de, Deutschlands bestem Preisvergleich f\u00fcr Medikamente und Gast-AutorInnen schreiben f\u00fcr Sie rund um Gesundheit.\",\"breadcrumb\":{\"@id\":\"https:\\\/\\\/www.medizinfuchs.de\\\/blog\\\/autoren\\\/#breadcrumb\"},\"inLanguage\":\"de\",\"potentialAction\":[{\"@type\":\"ReadAction\",\"target\":[\"https:\\\/\\\/www.medizinfuchs.de\\\/blog\\\/autoren\\\/\"]}]},{\"@type\":\"BreadcrumbList\",\"@id\":\"https:\\\/\\\/www.medizinfuchs.de\\\/blog\\\/autoren\\\/#breadcrumb\",\"itemListElement\":[{\"@type\":\"ListItem\",\"position\":1,\"name\":\"Startseite\",\"item\":\"https:\\\/\\\/www.medizinfuchs.de\\\/blog\\\/\"},{\"@type\":\"ListItem\",\"position\":2,\"name\":\"AutorInnen auf diesem Blog\"}]},{\"@type\":\"WebSite\",\"@id\":\"https:\\\/\\\/www.medizinfuchs.de\\\/blog\\\/#website\",\"url\":\"https:\\\/\\\/www.medizinfuchs.de\\\/blog\\\/\",\"name\":\"medizinfuchs Blog\",\"description\":\"Das Blog von medizinfuchs\",\"publisher\":{\"@id\":\"https:\\\/\\\/www.medizinfuchs.de\\\/blog\\\/#organization\"},\"potentialAction\":[{\"@type\":\"SearchAction\",\"target\":{\"@type\":\"EntryPoint\",\"urlTemplate\":\"https:\\\/\\\/www.medizinfuchs.de\\\/blog\\\/?s={search_term_string}\"},\"query-input\":{\"@type\":\"PropertyValueSpecification\",\"valueRequired\":true,\"valueName\":\"search_term_string\"}}],\"inLanguage\":\"de\"},{\"@type\":\"Organization\",\"@id\":\"https:\\\/\\\/www.medizinfuchs.de\\\/blog\\\/#organization\",\"name\":\"Medizinfuchs\",\"url\":\"https:\\\/\\\/www.medizinfuchs.de\\\/blog\\\/\",\"logo\":{\"@type\":\"ImageObject\",\"inLanguage\":\"de\",\"@id\":\"https:\\\/\\\/www.medizinfuchs.de\\\/blog\\\/#\\\/schema\\\/logo\\\/image\\\/\",\"url\":\"https:\\\/\\\/www.medizinfuchs.de\\\/blog\\\/wp-content\\\/uploads\\\/2016\\\/05\\\/medizinfuchs_logo_blog_kl.png\",\"contentUrl\":\"https:\\\/\\\/www.medizinfuchs.de\\\/blog\\\/wp-content\\\/uploads\\\/2016\\\/05\\\/medizinfuchs_logo_blog_kl.png\",\"width\":300,\"height\":112,\"caption\":\"Medizinfuchs\"},\"image\":{\"@id\":\"https:\\\/\\\/www.medizinfuchs.de\\\/blog\\\/#\\\/schema\\\/logo\\\/image\\\/\"},\"sameAs\":[\"https:\\\/\\\/www.facebook.com\\\/medizinfuchs\",\"https:\\\/\\\/x.com\\\/medizinfuchs\",\"https:\\\/\\\/www.instagram.com\\\/medizinfuchs.de\\\/\",\"https:\\\/\\\/www.linkedin.com\\\/company\\\/10128774\",\"https:\\\/\\\/de.pinterest.com\\\/medizinfuchs\\\/\",\"https:\\\/\\\/www.youtube.com\\\/c\\\/medizinfuchs\"]}]}<\/script>\n<!-- \/ Yoast SEO plugin. -->","yoast_head_json":{"title":"AutorInnen im Blog von medizinfuchs.de in der \u00dcbersicht","description":"Die Blog-Redaktion von medizinfuchs.de, Deutschlands bestem Preisvergleich f\u00fcr Medikamente und Gast-AutorInnen schreiben f\u00fcr Sie rund um Gesundheit.","robots":{"index":"index","follow":"follow","max-snippet":"max-snippet:-1","max-image-preview":"max-image-preview:large","max-video-preview":"max-video-preview:-1"},"canonical":"https:\/\/www.medizinfuchs.de\/blog\/autoren\/","og_locale":"de_DE","og_type":"article","og_title":"AutorInnen im Blog von medizinfuchs.de in der \u00dcbersicht","og_description":"Die Blog-Redaktion von medizinfuchs.de, Deutschlands bestem Preisvergleich f\u00fcr Medikamente und Gast-AutorInnen schreiben f\u00fcr Sie rund um Gesundheit.","og_url":"https:\/\/www.medizinfuchs.de\/blog\/autoren\/","og_site_name":"medizinfuchs Blog","article_publisher":"https:\/\/www.facebook.com\/medizinfuchs","article_modified_time":"2016-07-19T19:30:56+00:00","og_image":[{"width":300,"height":112,"url":"https:\/\/www.medizinfuchs.de\/blog\/wp-content\/uploads\/2016\/05\/medizinfuchs_logo_blog_kl.png","type":"image\/png"}],"twitter_card":"summary_large_image","twitter_site":"@medizinfuchs","schema":{"@context":"https:\/\/schema.org","@graph":[{"@type":"WebPage","@id":"https:\/\/www.medizinfuchs.de\/blog\/autoren\/","url":"https:\/\/www.medizinfuchs.de\/blog\/autoren\/","name":"AutorInnen im Blog von medizinfuchs.de in der \u00dcbersicht","isPartOf":{"@id":"https:\/\/www.medizinfuchs.de\/blog\/#website"},"datePublished":"2016-05-11T15:24:18+00:00","dateModified":"2016-07-19T19:30:56+00:00","description":"Die Blog-Redaktion von medizinfuchs.de, Deutschlands bestem Preisvergleich f\u00fcr Medikamente und Gast-AutorInnen schreiben f\u00fcr Sie rund um Gesundheit.","breadcrumb":{"@id":"https:\/\/www.medizinfuchs.de\/blog\/autoren\/#breadcrumb"},"inLanguage":"de","potentialAction":[{"@type":"ReadAction","target":["https:\/\/www.medizinfuchs.de\/blog\/autoren\/"]}]},{"@type":"BreadcrumbList","@id":"https:\/\/www.medizinfuchs.de\/blog\/autoren\/#breadcrumb","itemListElement":[{"@type":"ListItem","position":1,"name":"Startseite","item":"https:\/\/www.medizinfuchs.de\/blog\/"},{"@type":"ListItem","position":2,"name":"AutorInnen auf diesem Blog"}]},{"@type":"WebSite","@id":"https:\/\/www.medizinfuchs.de\/blog\/#website","url":"https:\/\/www.medizinfuchs.de\/blog\/","name":"medizinfuchs Blog","description":"Das Blog von medizinfuchs","publisher":{"@id":"https:\/\/www.medizinfuchs.de\/blog\/#organization"},"potentialAction":[{"@type":"SearchAction","target":{"@type":"EntryPoint","urlTemplate":"https:\/\/www.medizinfuchs.de\/blog\/?s={search_term_string}"},"query-input":{"@type":"PropertyValueSpecification","valueRequired":true,"valueName":"search_term_string"}}],"inLanguage":"de"},{"@type":"Organization","@id":"https:\/\/www.medizinfuchs.de\/blog\/#organization","name":"Medizinfuchs","url":"https:\/\/www.medizinfuchs.de\/blog\/","logo":{"@type":"ImageObject","inLanguage":"de","@id":"https:\/\/www.medizinfuchs.de\/blog\/#\/schema\/logo\/image\/","url":"https:\/\/www.medizinfuchs.de\/blog\/wp-content\/uploads\/2016\/05\/medizinfuchs_logo_blog_kl.png","contentUrl":"https:\/\/www.medizinfuchs.de\/blog\/wp-content\/uploads\/2016\/05\/medizinfuchs_logo_blog_kl.png","width":300,"height":112,"caption":"Medizinfuchs"},"image":{"@id":"https:\/\/www.medizinfuchs.de\/blog\/#\/schema\/logo\/image\/"},"sameAs":["https:\/\/www.facebook.com\/medizinfuchs","https:\/\/x.com\/medizinfuchs","https:\/\/www.instagram.com\/medizinfuchs.de\/","https:\/\/www.linkedin.com\/company\/10128774","https:\/\/de.pinterest.com\/medizinfuchs\/","https:\/\/www.youtube.com\/c\/medizinfuchs"]}]}},"_links":{"self":[{"href":"https:\/\/www.medizinfuchs.de\/blog\/wp-json\/wp\/v2\/pages\/529","targetHints":{"allow":["GET"]}}],"collection":[{"href":"https:\/\/www.medizinfuchs.de\/blog\/wp-json\/wp\/v2\/pages"}],"about":[{"href":"https:\/\/www.medizinfuchs.de\/blog\/wp-json\/wp\/v2\/types\/page"}],"author":[{"embeddable":true,"href":"https:\/\/www.medizinfuchs.de\/blog\/wp-json\/wp\/v2\/users\/19"}],"replies":[{"embeddable":true,"href":"https:\/\/www.medizinfuchs.de\/blog\/wp-json\/wp\/v2\/comments?post=529"}],"version-history":[{"count":0,"href":"https:\/\/www.medizinfuchs.de\/blog\/wp-json\/wp\/v2\/pages\/529\/revisions"}],"wp:attachment":[{"href":"https:\/\/www.medizinfuchs.de\/blog\/wp-json\/wp\/v2\/media?parent=529"}],"curies":[{"name":"wp","href":"https:\/\/api.w.org\/{rel}","templated":true}]}}